{"id":1609,"date":"2021-08-16T15:45:33","date_gmt":"2021-08-16T15:45:33","guid":{"rendered":"https:\/\/www.electric-church.at\/?page_id=1609"},"modified":"2022-04-29T15:31:41","modified_gmt":"2022-04-29T15:31:41","slug":"impressum","status":"publish","type":"page","link":"https:\/\/www.electric-church.at\/en\/impressum\/","title":{"rendered":"Impressum"},"content":{"rendered":"<div class=\"col-md-4\">\n<h3>Gr\u00fcnder und Eigent\u00fcmer:<\/h3>\n<h4>Robert Otto<\/h4>\n<p>Musik und Eventmanagement<\/p>\n<p>EVENDO e.U.<br \/>\nHolzknechtstrasse 64<br \/>\n1100 Wien<\/p>\n<p>T +43 676 345 67 94<br \/>\nM <span id=\"cloak79779\"><a href=\"mailto:office@electric-church.at\">office@electric-church.at<\/a><\/span><\/p>\n<p>UID.Nr.: ATU 38864109<\/p>\n<\/div>\n<div class=\"col-md-4\">\n<p>Webseite:<br \/>\n36 Digital &amp; More<br \/>\n<a href=\"https:\/\/www.36digitalandmore.com\" target=\"_blank\" rel=\"noopener\">www.36digitalandmore.com<\/a><\/p>\n<p>&nbsp;<\/p>\n<p>\u00a9 2021 Dieses Event Konzept ist rechtlich Gesichert. Alle diesem Konzept zugeh\u00f6rigen Beilagen und Inhalte stehen im geistigen Eigentum von Robert Otto. Dieses Konzept, sowohl in der vorliegenden Form, aber auch in jeglicher \u2013 basierend auf diesem Konzept \u2013 abge\u00e4nderten Form, darf nur mit ausdr\u00fccklicher, vorheriger Zustimmung umgesetzt und realisiert bzw. an Dritte weitergegeben werden.<\/p>\n<\/div>\n<div class=\"col-md-4\">\n<p>Photos by: Andreas Praefcke, Felipe Kolm<\/p>\n<p>Google Analytics:<br \/>\nDiese Website benutzt Google Analytics, einen Webanalysedienst der Google Inc. (\u201aGoogle\u2018) Google Analytics verwendet sog. \u201aCookies\u2018, Textdateien, die auf Ihrem Computer gespeichert werden und die eine Analyse der Benutzung der Website durch Sie erm\u00f6glicht. Die durch den Cookie erzeugten Informationen \u00fcber Ihre Benutzung diese Website (einschlie\u00dflich Ihrer IP-Adresse) wird an einen Server von Google in den USA \u00fcbertragen und dort gespeichert.<\/p>\n<\/div>","protected":false},"excerpt":{"rendered":"<p>Gr\u00fcnder und Eigent\u00fcmer: Robert Otto Musik und Eventmanagement EVENDO e.U. Holzknechtstrasse 64 1100 Wien T +43 676 345 67 94 M office@electric-church.at UID.Nr.: ATU 38864109 Webseite: 36 Digital &amp; More www.36digitalandmore.com &nbsp; \u00a9 2021 Dieses Event Konzept ist rechtlich Gesichert. Alle diesem Konzept zugeh\u00f6rigen Beilagen und Inhalte stehen im geistigen [&hellip;]<\/p>\n","protected":false},"author":1,"featured_media":2552,"parent":0,"menu_order":0,"comment_status":"closed","ping_status":"closed","template":"","meta":{"footnotes":""},"class_list":["post-1609","page","type-page","status-publish","has-post-thumbnail","hentry"],"yoast_head":"<!-- This site is optimized with the Yoast SEO plugin v27.4 - https:\/\/yoast.com\/product\/yoast-seo-wordpress\/ -->\n<title>Impressum &#187; Electric Church<\/title>\n<meta name=\"description\" content=\"Alle diesem Konzept zugeh\u00f6rigen Beilagen und Inhalte sind rechtlich gesichert. Robert Otto ist Gr\u00fcnder und Eigent\u00fcmer der Electric Church.\" \/>\n<meta name=\"robots\" content=\"index, follow, max-snippet:-1, max-image-preview:large, max-video-preview:-1\" \/>\n<link rel=\"canonical\" href=\"https:\/\/www.electric-church.at\/en\/impressum\/\" \/>\n<meta property=\"og:locale\" content=\"en_US\" \/>\n<meta property=\"og:type\" content=\"article\" \/>\n<meta property=\"og:title\" content=\"Impressum &#187; Electric Church\" \/>\n<meta property=\"og:description\" content=\"Alle diesem Konzept zugeh\u00f6rigen Beilagen und Inhalte sind rechtlich gesichert. Robert Otto ist Gr\u00fcnder und Eigent\u00fcmer der Electric Church.\" \/>\n<meta property=\"og:url\" content=\"https:\/\/www.electric-church.at\/en\/impressum\/\" \/>\n<meta property=\"og:site_name\" content=\"Electric Church\" \/>\n<meta property=\"article:publisher\" content=\"https:\/\/www.facebook.com\/electricchurchaustria\" \/>\n<meta property=\"article:modified_time\" content=\"2022-04-29T15:31:41+00:00\" \/>\n<meta property=\"og:image\" content=\"https:\/\/www.electric-church.at\/wp-content\/uploads\/2021\/09\/Electric-Church-Legacy-of-Eve-Klagenfurter-Dom-19-scaled.jpg\" \/>\n\t<meta property=\"og:image:width\" content=\"2560\" \/>\n\t<meta property=\"og:image:height\" content=\"1707\" \/>\n\t<meta property=\"og:image:type\" content=\"image\/jpeg\" \/>\n<meta name=\"twitter:card\" content=\"summary_large_image\" \/>\n<meta name=\"twitter:label1\" content=\"Est. reading time\" \/>\n\t<meta name=\"twitter:data1\" content=\"1 minute\" \/>\n<script type=\"application\/ld+json\" class=\"yoast-schema-graph\">{\"@context\":\"https:\\\/\\\/schema.org\",\"@graph\":[{\"@type\":\"WebPage\",\"@id\":\"https:\\\/\\\/www.electric-church.at\\\/impressum\\\/\",\"url\":\"https:\\\/\\\/www.electric-church.at\\\/impressum\\\/\",\"name\":\"Impressum &#187; Electric Church\",\"isPartOf\":{\"@id\":\"https:\\\/\\\/www.electric-church.at\\\/#website\"},\"primaryImageOfPage\":{\"@id\":\"https:\\\/\\\/www.electric-church.at\\\/impressum\\\/#primaryimage\"},\"image\":{\"@id\":\"https:\\\/\\\/www.electric-church.at\\\/impressum\\\/#primaryimage\"},\"thumbnailUrl\":\"https:\\\/\\\/www.electric-church.at\\\/wp-content\\\/uploads\\\/2021\\\/09\\\/Electric-Church-Legacy-of-Eve-Klagenfurter-Dom-19-scaled.jpg\",\"datePublished\":\"2021-08-16T15:45:33+00:00\",\"dateModified\":\"2022-04-29T15:31:41+00:00\",\"description\":\"Alle diesem Konzept zugeh\u00f6rigen Beilagen und Inhalte sind rechtlich gesichert. Robert Otto ist Gr\u00fcnder und Eigent\u00fcmer der Electric Church.\",\"breadcrumb\":{\"@id\":\"https:\\\/\\\/www.electric-church.at\\\/impressum\\\/#breadcrumb\"},\"inLanguage\":\"en-US\",\"potentialAction\":[{\"@type\":\"ReadAction\",\"target\":[\"https:\\\/\\\/www.electric-church.at\\\/impressum\\\/\"]}]},{\"@type\":\"ImageObject\",\"inLanguage\":\"en-US\",\"@id\":\"https:\\\/\\\/www.electric-church.at\\\/impressum\\\/#primaryimage\",\"url\":\"https:\\\/\\\/www.electric-church.at\\\/wp-content\\\/uploads\\\/2021\\\/09\\\/Electric-Church-Legacy-of-Eve-Klagenfurter-Dom-19-scaled.jpg\",\"contentUrl\":\"https:\\\/\\\/www.electric-church.at\\\/wp-content\\\/uploads\\\/2021\\\/09\\\/Electric-Church-Legacy-of-Eve-Klagenfurter-Dom-19-scaled.jpg\",\"width\":2560,\"height\":1707,\"caption\":\"Electric Church Legacy of Eve Klagenfurter Dom\"},{\"@type\":\"BreadcrumbList\",\"@id\":\"https:\\\/\\\/www.electric-church.at\\\/impressum\\\/#breadcrumb\",\"itemListElement\":[{\"@type\":\"ListItem\",\"position\":1,\"name\":\"Startseite\",\"item\":\"https:\\\/\\\/www.electric-church.at\\\/\"},{\"@type\":\"ListItem\",\"position\":2,\"name\":\"Impressum\"}]},{\"@type\":\"WebSite\",\"@id\":\"https:\\\/\\\/www.electric-church.at\\\/#website\",\"url\":\"https:\\\/\\\/www.electric-church.at\\\/\",\"name\":\"Electric Church\",\"description\":\"Electric Church Klassik trifft auf Electro\",\"publisher\":{\"@id\":\"https:\\\/\\\/www.electric-church.at\\\/#organization\"},\"potentialAction\":[{\"@type\":\"SearchAction\",\"target\":{\"@type\":\"EntryPoint\",\"urlTemplate\":\"https:\\\/\\\/www.electric-church.at\\\/?s={search_term_string}\"},\"query-input\":{\"@type\":\"PropertyValueSpecification\",\"valueRequired\":true,\"valueName\":\"search_term_string\"}}],\"inLanguage\":\"en-US\"},{\"@type\":\"Organization\",\"@id\":\"https:\\\/\\\/www.electric-church.at\\\/#organization\",\"name\":\"Electric Church\",\"url\":\"https:\\\/\\\/www.electric-church.at\\\/\",\"logo\":{\"@type\":\"ImageObject\",\"inLanguage\":\"en-US\",\"@id\":\"https:\\\/\\\/www.electric-church.at\\\/#\\\/schema\\\/logo\\\/image\\\/\",\"url\":\"https:\\\/\\\/www.electric-church.at\\\/wp-content\\\/uploads\\\/2021\\\/09\\\/electric-church-logo-scaled.jpg\",\"contentUrl\":\"https:\\\/\\\/www.electric-church.at\\\/wp-content\\\/uploads\\\/2021\\\/09\\\/electric-church-logo-scaled.jpg\",\"width\":2560,\"height\":1810,\"caption\":\"Electric Church\"},\"image\":{\"@id\":\"https:\\\/\\\/www.electric-church.at\\\/#\\\/schema\\\/logo\\\/image\\\/\"},\"sameAs\":[\"https:\\\/\\\/www.facebook.com\\\/electricchurchaustria\",\"https:\\\/\\\/www.instagram.com\\\/electric_church_austria\\\/\",\"https:\\\/\\\/www.youtube.com\\\/user\\\/electricchurchaut\"]}]}<\/script>\n<!-- \/ Yoast SEO plugin. -->","yoast_head_json":{"title":"Impressum &#187; Electric Church","description":"Alle diesem Konzept zugeh\u00f6rigen Beilagen und Inhalte sind rechtlich gesichert. Robert Otto ist Gr\u00fcnder und Eigent\u00fcmer der Electric Church.","robots":{"index":"index","follow":"follow","max-snippet":"max-snippet:-1","max-image-preview":"max-image-preview:large","max-video-preview":"max-video-preview:-1"},"canonical":"https:\/\/www.electric-church.at\/en\/impressum\/","og_locale":"en_US","og_type":"article","og_title":"Impressum &#187; Electric Church","og_description":"Alle diesem Konzept zugeh\u00f6rigen Beilagen und Inhalte sind rechtlich gesichert. Robert Otto ist Gr\u00fcnder und Eigent\u00fcmer der Electric Church.","og_url":"https:\/\/www.electric-church.at\/en\/impressum\/","og_site_name":"Electric Church","article_publisher":"https:\/\/www.facebook.com\/electricchurchaustria","article_modified_time":"2022-04-29T15:31:41+00:00","og_image":[{"width":2560,"height":1707,"url":"https:\/\/www.electric-church.at\/wp-content\/uploads\/2021\/09\/Electric-Church-Legacy-of-Eve-Klagenfurter-Dom-19-scaled.jpg","type":"image\/jpeg"}],"twitter_card":"summary_large_image","twitter_misc":{"Est. reading time":"1 minute"},"schema":{"@context":"https:\/\/schema.org","@graph":[{"@type":"WebPage","@id":"https:\/\/www.electric-church.at\/impressum\/","url":"https:\/\/www.electric-church.at\/impressum\/","name":"Impressum &#187; Electric Church","isPartOf":{"@id":"https:\/\/www.electric-church.at\/#website"},"primaryImageOfPage":{"@id":"https:\/\/www.electric-church.at\/impressum\/#primaryimage"},"image":{"@id":"https:\/\/www.electric-church.at\/impressum\/#primaryimage"},"thumbnailUrl":"https:\/\/www.electric-church.at\/wp-content\/uploads\/2021\/09\/Electric-Church-Legacy-of-Eve-Klagenfurter-Dom-19-scaled.jpg","datePublished":"2021-08-16T15:45:33+00:00","dateModified":"2022-04-29T15:31:41+00:00","description":"Alle diesem Konzept zugeh\u00f6rigen Beilagen und Inhalte sind rechtlich gesichert. Robert Otto ist Gr\u00fcnder und Eigent\u00fcmer der Electric Church.","breadcrumb":{"@id":"https:\/\/www.electric-church.at\/impressum\/#breadcrumb"},"inLanguage":"en-US","potentialAction":[{"@type":"ReadAction","target":["https:\/\/www.electric-church.at\/impressum\/"]}]},{"@type":"ImageObject","inLanguage":"en-US","@id":"https:\/\/www.electric-church.at\/impressum\/#primaryimage","url":"https:\/\/www.electric-church.at\/wp-content\/uploads\/2021\/09\/Electric-Church-Legacy-of-Eve-Klagenfurter-Dom-19-scaled.jpg","contentUrl":"https:\/\/www.electric-church.at\/wp-content\/uploads\/2021\/09\/Electric-Church-Legacy-of-Eve-Klagenfurter-Dom-19-scaled.jpg","width":2560,"height":1707,"caption":"Electric Church Legacy of Eve Klagenfurter Dom"},{"@type":"BreadcrumbList","@id":"https:\/\/www.electric-church.at\/impressum\/#breadcrumb","itemListElement":[{"@type":"ListItem","position":1,"name":"Startseite","item":"https:\/\/www.electric-church.at\/"},{"@type":"ListItem","position":2,"name":"Impressum"}]},{"@type":"WebSite","@id":"https:\/\/www.electric-church.at\/#website","url":"https:\/\/www.electric-church.at\/","name":"Electric Church","description":"Electric Church Klassik trifft auf Electro","publisher":{"@id":"https:\/\/www.electric-church.at\/#organization"},"potentialAction":[{"@type":"SearchAction","target":{"@type":"EntryPoint","urlTemplate":"https:\/\/www.electric-church.at\/?s={search_term_string}"},"query-input":{"@type":"PropertyValueSpecification","valueRequired":true,"valueName":"search_term_string"}}],"inLanguage":"en-US"},{"@type":"Organization","@id":"https:\/\/www.electric-church.at\/#organization","name":"Electric Church","url":"https:\/\/www.electric-church.at\/","logo":{"@type":"ImageObject","inLanguage":"en-US","@id":"https:\/\/www.electric-church.at\/#\/schema\/logo\/image\/","url":"https:\/\/www.electric-church.at\/wp-content\/uploads\/2021\/09\/electric-church-logo-scaled.jpg","contentUrl":"https:\/\/www.electric-church.at\/wp-content\/uploads\/2021\/09\/electric-church-logo-scaled.jpg","width":2560,"height":1810,"caption":"Electric Church"},"image":{"@id":"https:\/\/www.electric-church.at\/#\/schema\/logo\/image\/"},"sameAs":["https:\/\/www.facebook.com\/electricchurchaustria","https:\/\/www.instagram.com\/electric_church_austria\/","https:\/\/www.youtube.com\/user\/electricchurchaut"]}]}},"_links":{"self":[{"href":"https:\/\/www.electric-church.at\/en\/wp-json\/wp\/v2\/pages\/1609","targetHints":{"allow":["GET"]}}],"collection":[{"href":"https:\/\/www.electric-church.at\/en\/wp-json\/wp\/v2\/pages"}],"about":[{"href":"https:\/\/www.electric-church.at\/en\/wp-json\/wp\/v2\/types\/page"}],"author":[{"embeddable":true,"href":"https:\/\/www.electric-church.at\/en\/wp-json\/wp\/v2\/users\/1"}],"replies":[{"embeddable":true,"href":"https:\/\/www.electric-church.at\/en\/wp-json\/wp\/v2\/comments?post=1609"}],"version-history":[{"count":4,"href":"https:\/\/www.electric-church.at\/en\/wp-json\/wp\/v2\/pages\/1609\/revisions"}],"predecessor-version":[{"id":3645,"href":"https:\/\/www.electric-church.at\/en\/wp-json\/wp\/v2\/pages\/1609\/revisions\/3645"}],"wp:featuredmedia":[{"embeddable":true,"href":"https:\/\/www.electric-church.at\/en\/wp-json\/wp\/v2\/media\/2552"}],"wp:attachment":[{"href":"https:\/\/www.electric-church.at\/en\/wp-json\/wp\/v2\/media?parent=1609"}],"curies":[{"name":"wp","href":"https:\/\/api.w.org\/{rel}","templated":true}]}}