{"id":1757,"date":"2021-08-17T10:21:12","date_gmt":"2021-08-17T10:21:12","guid":{"rendered":"https:\/\/www.electric-church.at\/?page_id=1757"},"modified":"2022-02-02T19:19:36","modified_gmt":"2022-02-02T19:19:36","slug":"newsletter","status":"publish","type":"page","link":"https:\/\/www.electric-church.at\/en\/newsletter\/","title":{"rendered":"Newsletter"},"content":{"rendered":"<div data-elementor-type=\"wp-page\" data-elementor-id=\"1757\" class=\"elementor elementor-1757\">\n\t\t\t\t\t\t<section class=\"elementor-section elementor-top-section elementor-element elementor-element-973079f elementor-section-boxed elementor-section-height-default elementor-section-height-default\" data-id=\"973079f\" data-element_type=\"section\" data-e-type=\"section\">\n\t\t\t\t\t\t<div class=\"elementor-container elementor-column-gap-default\">\n\t\t\t\t\t<div class=\"elementor-column elementor-col-100 elementor-top-column elementor-element elementor-element-03bd11e\" data-id=\"03bd11e\" data-element_type=\"column\" data-e-type=\"column\">\n\t\t\t<div class=\"elementor-widget-wrap elementor-element-populated\">\n\t\t\t\t\t\t<div class=\"elementor-element elementor-element-c910228 elementor-widget elementor-widget-shortcode\" data-id=\"c910228\" data-element_type=\"widget\" data-e-type=\"widget\" data-widget_type=\"shortcode.default\">\n\t\t\t\t<div class=\"elementor-widget-container\">\n\t\t\t\t\t\t\t<div class=\"elementor-shortcode\">\n\t\t\t<form id=\"sib_signup_form_4\" method=\"post\" class=\"sib_signup_form\" action=\"\">\n\t\t\t\t<div class=\"sib_loader\" style=\"display:none;\"><img\n\t\t\t\t\t\t\tsrc=\"https:\/\/www.electric-church.at\/wp-includes\/images\/spinner.gif\" alt=\"loader\"><\/div>\n\t\t\t\t<input type=\"hidden\" name=\"sib_form_action\" value=\"subscribe_form_submit\">\n\t\t\t\t<input type=\"hidden\" name=\"sib_form_id\" value=\"4\">\n                <input type=\"hidden\" name=\"sib_form_alert_notice\" value=\"Bitte f\u00fcllen Sie dieses Feld aus\">\n                <input type=\"hidden\" name=\"sib_form_invalid_email_notice\" value=\"Ihre E-Mail Adresse ist ung\u00fcltig\">\n                <input type=\"hidden\" name=\"sib_security\" value=\"91b7bf2e66\">\n\t\t\t\t<div class=\"sib_signup_box_inside_4\">\n\t\t\t\t\t<div style=\"\/*display:none*\/\" class=\"sib_msg_disp\">\n\t\t\t\t\t<\/div>\n                    \t\t\t\t\t<p class=\"sib-email-area\">\r\n    <label class=\"sib-email-area\">Email Addresse*<\/label>\r\n    <input type=\"email\" class=\"sib-email-area\" name=\"email\" required=\"required\">\r\n<\/p>\r\n<p class=\"sib-NAME-area\">\r\n    <label class=\"sib-NAME-area\">Name<\/label>\r\n    <input type=\"text\" class=\"sib-NAME-area\" name=\"NAME\">\r\n<\/p>\r\n<p>\r\n    <input type=\"submit\" class=\"sib-default-btn\" value=\"Subscribe\">\r\n<\/p>\r\n<p>Ihre E-Mail-Adresse wird nur verwendet, um Ihnen unseren Newsletter und Informationen \u00fcber die Aktivit\u00e4ten von Electric Church zuzusenden. Sie k\u00f6nnen sich jederzeit \u00fcber den im Newsletter enthaltenen Link wieder abmelden.<\/p>\t\t\t\t<\/div>\n\t\t\t<input type=\"hidden\" name=\"trp-form-language\" value=\"en\"\/><\/form>\n\t\t\t<style>\n\t\t\t\tform#sib_signup_form_4 p.sib-alert-message {\n    padding: 6px 12px;\n    margin-bottom: 20px;\n    border: 1px solid transparent;\n    border-radius: 4px;\n    -webkit-box-sizing: border-box;\n    -moz-box-sizing: border-box;\n    box-sizing: border-box;\n}\nform#sib_signup_form_4 p.sib-alert-message-error {\n    background-color: #f2dede;\n    border-color: #ebccd1;\n    color: #a94442;\n}\nform#sib_signup_form_4 p.sib-alert-message-success {\n    background-color: #dff0d8;\n    border-color: #d6e9c6;\n    color: #3c763d;\n}\nform#sib_signup_form_4 p.sib-alert-message-warning {\n    background-color: #fcf8e3;\n    border-color: #faebcc;\n    color: #8a6d3b;\n}\n\t\t\t<\/style>\n\t\t\t<\/div>\n\t\t\t\t\t\t<\/div>\n\t\t\t\t<\/div>\n\t\t\t\t<div class=\"elementor-element elementor-element-48bf8d5 elementor-widget elementor-widget-image\" data-id=\"48bf8d5\" data-element_type=\"widget\" data-e-type=\"widget\" data-widget_type=\"image.default\">\n\t\t\t\t<div class=\"elementor-widget-container\">\n\t\t\t\t\t\t\t\t\t\t\t\t\t\t\t<img fetchpriority=\"high\" decoding=\"async\" width=\"1170\" height=\"779\" src=\"https:\/\/www.electric-church.at\/wp-content\/uploads\/2021\/07\/Electric-Church_Legacy-of-Eve_Stephansdom-6-scaled-1-1600x1065.jpg\" class=\"attachment-large size-large wp-image-1300\" alt=\"Electric Church Legacy of Eve Stephansdom\" srcset=\"https:\/\/www.electric-church.at\/wp-content\/uploads\/2021\/07\/Electric-Church_Legacy-of-Eve_Stephansdom-6-scaled-1-1600x1065.jpg 1600w, https:\/\/www.electric-church.at\/wp-content\/uploads\/2021\/07\/Electric-Church_Legacy-of-Eve_Stephansdom-6-scaled-1-756x503.jpg 756w, https:\/\/www.electric-church.at\/wp-content\/uploads\/2021\/07\/Electric-Church_Legacy-of-Eve_Stephansdom-6-scaled-1-768x511.jpg 768w, https:\/\/www.electric-church.at\/wp-content\/uploads\/2021\/07\/Electric-Church_Legacy-of-Eve_Stephansdom-6-scaled-1-1536x1022.jpg 1536w, https:\/\/www.electric-church.at\/wp-content\/uploads\/2021\/07\/Electric-Church_Legacy-of-Eve_Stephansdom-6-scaled-1-2048x1363.jpg 2048w\" sizes=\"(max-width: 1170px) 100vw, 1170px\" \/>\t\t\t\t\t\t\t\t\t\t\t\t\t\t\t<\/div>\n\t\t\t\t<\/div>\n\t\t\t\t\t<\/div>\n\t\t<\/div>\n\t\t\t\t\t<\/div>\n\t\t<\/section>\n\t\t\t\t<\/div>","protected":false},"excerpt":{"rendered":"","protected":false},"author":1,"featured_media":2894,"parent":0,"menu_order":0,"comment_status":"closed","ping_status":"closed","template":"","meta":{"footnotes":""},"class_list":["post-1757","page","type-page","status-publish","has-post-thumbnail","hentry"],"yoast_head":"<!-- This site is optimized with the Yoast SEO plugin v27.4 - https:\/\/yoast.com\/product\/yoast-seo-wordpress\/ -->\n<title>Newsletter &#187; Electric Church<\/title>\n<meta name=\"description\" content=\"Bleibe in Kontakt mit der Electric Church, dem einzigartigen audiovisuelles Konzert, in dem musikalische Welten von elektronischen Beats, Klassik und Pop miteinander verschmelzen.\" \/>\n<meta name=\"robots\" content=\"index, follow, max-snippet:-1, max-image-preview:large, max-video-preview:-1\" \/>\n<link rel=\"canonical\" href=\"https:\/\/www.electric-church.at\/en\/newsletter\/\" \/>\n<meta property=\"og:locale\" content=\"en_US\" \/>\n<meta property=\"og:type\" content=\"article\" \/>\n<meta property=\"og:title\" content=\"Newsletter &#187; Electric Church\" \/>\n<meta property=\"og:description\" content=\"Bleibe in Kontakt mit der Electric Church, dem einzigartigen audiovisuelles Konzert, in dem musikalische Welten von elektronischen Beats, Klassik und Pop miteinander verschmelzen.\" \/>\n<meta property=\"og:url\" content=\"https:\/\/www.electric-church.at\/en\/newsletter\/\" \/>\n<meta property=\"og:site_name\" content=\"Electric Church\" \/>\n<meta property=\"article:publisher\" content=\"https:\/\/www.facebook.com\/electricchurchaustria\" \/>\n<meta property=\"article:modified_time\" content=\"2022-02-02T19:19:36+00:00\" \/>\n<meta property=\"og:image\" content=\"https:\/\/www.electric-church.at\/wp-content\/uploads\/2021\/01\/mfellner-6952.jpg\" \/>\n\t<meta property=\"og:image:width\" content=\"1772\" \/>\n\t<meta property=\"og:image:height\" content=\"1181\" \/>\n\t<meta property=\"og:image:type\" content=\"image\/jpeg\" \/>\n<meta name=\"twitter:card\" content=\"summary_large_image\" \/>\n<meta name=\"twitter:label1\" content=\"Est. reading time\" \/>\n\t<meta name=\"twitter:data1\" content=\"1 minute\" \/>\n<script type=\"application\/ld+json\" class=\"yoast-schema-graph\">{\"@context\":\"https:\\\/\\\/schema.org\",\"@graph\":[{\"@type\":\"WebPage\",\"@id\":\"https:\\\/\\\/www.electric-church.at\\\/newsletter\\\/\",\"url\":\"https:\\\/\\\/www.electric-church.at\\\/newsletter\\\/\",\"name\":\"Newsletter &#187; Electric Church\",\"isPartOf\":{\"@id\":\"https:\\\/\\\/www.electric-church.at\\\/#website\"},\"primaryImageOfPage\":{\"@id\":\"https:\\\/\\\/www.electric-church.at\\\/newsletter\\\/#primaryimage\"},\"image\":{\"@id\":\"https:\\\/\\\/www.electric-church.at\\\/newsletter\\\/#primaryimage\"},\"thumbnailUrl\":\"https:\\\/\\\/www.electric-church.at\\\/wp-content\\\/uploads\\\/2021\\\/01\\\/mfellner-6952.jpg\",\"datePublished\":\"2021-08-17T10:21:12+00:00\",\"dateModified\":\"2022-02-02T19:19:36+00:00\",\"description\":\"Bleibe in Kontakt mit der Electric Church, dem einzigartigen audiovisuelles Konzert, in dem musikalische Welten von elektronischen Beats, Klassik und Pop miteinander verschmelzen.\",\"breadcrumb\":{\"@id\":\"https:\\\/\\\/www.electric-church.at\\\/newsletter\\\/#breadcrumb\"},\"inLanguage\":\"en-US\",\"potentialAction\":[{\"@type\":\"ReadAction\",\"target\":[\"https:\\\/\\\/www.electric-church.at\\\/newsletter\\\/\"]}]},{\"@type\":\"ImageObject\",\"inLanguage\":\"en-US\",\"@id\":\"https:\\\/\\\/www.electric-church.at\\\/newsletter\\\/#primaryimage\",\"url\":\"https:\\\/\\\/www.electric-church.at\\\/wp-content\\\/uploads\\\/2021\\\/01\\\/mfellner-6952.jpg\",\"contentUrl\":\"https:\\\/\\\/www.electric-church.at\\\/wp-content\\\/uploads\\\/2021\\\/01\\\/mfellner-6952.jpg\",\"width\":1772,\"height\":1181,\"caption\":\"Electric Church Gregor Ugovsek Robert Otto Sergio Manoel Flores\"},{\"@type\":\"BreadcrumbList\",\"@id\":\"https:\\\/\\\/www.electric-church.at\\\/newsletter\\\/#breadcrumb\",\"itemListElement\":[{\"@type\":\"ListItem\",\"position\":1,\"name\":\"Startseite\",\"item\":\"https:\\\/\\\/www.electric-church.at\\\/\"},{\"@type\":\"ListItem\",\"position\":2,\"name\":\"Newsletter\"}]},{\"@type\":\"WebSite\",\"@id\":\"https:\\\/\\\/www.electric-church.at\\\/#website\",\"url\":\"https:\\\/\\\/www.electric-church.at\\\/\",\"name\":\"Electric Church\",\"description\":\"Electric Church Klassik trifft auf Electro\",\"publisher\":{\"@id\":\"https:\\\/\\\/www.electric-church.at\\\/#organization\"},\"potentialAction\":[{\"@type\":\"SearchAction\",\"target\":{\"@type\":\"EntryPoint\",\"urlTemplate\":\"https:\\\/\\\/www.electric-church.at\\\/?s={search_term_string}\"},\"query-input\":{\"@type\":\"PropertyValueSpecification\",\"valueRequired\":true,\"valueName\":\"search_term_string\"}}],\"inLanguage\":\"en-US\"},{\"@type\":\"Organization\",\"@id\":\"https:\\\/\\\/www.electric-church.at\\\/#organization\",\"name\":\"Electric Church\",\"url\":\"https:\\\/\\\/www.electric-church.at\\\/\",\"logo\":{\"@type\":\"ImageObject\",\"inLanguage\":\"en-US\",\"@id\":\"https:\\\/\\\/www.electric-church.at\\\/#\\\/schema\\\/logo\\\/image\\\/\",\"url\":\"https:\\\/\\\/www.electric-church.at\\\/wp-content\\\/uploads\\\/2021\\\/09\\\/electric-church-logo-scaled.jpg\",\"contentUrl\":\"https:\\\/\\\/www.electric-church.at\\\/wp-content\\\/uploads\\\/2021\\\/09\\\/electric-church-logo-scaled.jpg\",\"width\":2560,\"height\":1810,\"caption\":\"Electric Church\"},\"image\":{\"@id\":\"https:\\\/\\\/www.electric-church.at\\\/#\\\/schema\\\/logo\\\/image\\\/\"},\"sameAs\":[\"https:\\\/\\\/www.facebook.com\\\/electricchurchaustria\",\"https:\\\/\\\/www.instagram.com\\\/electric_church_austria\\\/\",\"https:\\\/\\\/www.youtube.com\\\/user\\\/electricchurchaut\"]}]}<\/script>\n<!-- \/ Yoast SEO plugin. -->","yoast_head_json":{"title":"Newsletter &#187; Electric Church","description":"Bleibe in Kontakt mit der Electric Church, dem einzigartigen audiovisuelles Konzert, in dem musikalische Welten von elektronischen Beats, Klassik und Pop miteinander verschmelzen.","robots":{"index":"index","follow":"follow","max-snippet":"max-snippet:-1","max-image-preview":"max-image-preview:large","max-video-preview":"max-video-preview:-1"},"canonical":"https:\/\/www.electric-church.at\/en\/newsletter\/","og_locale":"en_US","og_type":"article","og_title":"Newsletter &#187; Electric Church","og_description":"Bleibe in Kontakt mit der Electric Church, dem einzigartigen audiovisuelles Konzert, in dem musikalische Welten von elektronischen Beats, Klassik und Pop miteinander verschmelzen.","og_url":"https:\/\/www.electric-church.at\/en\/newsletter\/","og_site_name":"Electric Church","article_publisher":"https:\/\/www.facebook.com\/electricchurchaustria","article_modified_time":"2022-02-02T19:19:36+00:00","og_image":[{"width":1772,"height":1181,"url":"https:\/\/www.electric-church.at\/wp-content\/uploads\/2021\/01\/mfellner-6952.jpg","type":"image\/jpeg"}],"twitter_card":"summary_large_image","twitter_misc":{"Est. reading time":"1 minute"},"schema":{"@context":"https:\/\/schema.org","@graph":[{"@type":"WebPage","@id":"https:\/\/www.electric-church.at\/newsletter\/","url":"https:\/\/www.electric-church.at\/newsletter\/","name":"Newsletter &#187; Electric Church","isPartOf":{"@id":"https:\/\/www.electric-church.at\/#website"},"primaryImageOfPage":{"@id":"https:\/\/www.electric-church.at\/newsletter\/#primaryimage"},"image":{"@id":"https:\/\/www.electric-church.at\/newsletter\/#primaryimage"},"thumbnailUrl":"https:\/\/www.electric-church.at\/wp-content\/uploads\/2021\/01\/mfellner-6952.jpg","datePublished":"2021-08-17T10:21:12+00:00","dateModified":"2022-02-02T19:19:36+00:00","description":"Bleibe in Kontakt mit der Electric Church, dem einzigartigen audiovisuelles Konzert, in dem musikalische Welten von elektronischen Beats, Klassik und Pop miteinander verschmelzen.","breadcrumb":{"@id":"https:\/\/www.electric-church.at\/newsletter\/#breadcrumb"},"inLanguage":"en-US","potentialAction":[{"@type":"ReadAction","target":["https:\/\/www.electric-church.at\/newsletter\/"]}]},{"@type":"ImageObject","inLanguage":"en-US","@id":"https:\/\/www.electric-church.at\/newsletter\/#primaryimage","url":"https:\/\/www.electric-church.at\/wp-content\/uploads\/2021\/01\/mfellner-6952.jpg","contentUrl":"https:\/\/www.electric-church.at\/wp-content\/uploads\/2021\/01\/mfellner-6952.jpg","width":1772,"height":1181,"caption":"Electric Church Gregor Ugovsek Robert Otto Sergio Manoel Flores"},{"@type":"BreadcrumbList","@id":"https:\/\/www.electric-church.at\/newsletter\/#breadcrumb","itemListElement":[{"@type":"ListItem","position":1,"name":"Startseite","item":"https:\/\/www.electric-church.at\/"},{"@type":"ListItem","position":2,"name":"Newsletter"}]},{"@type":"WebSite","@id":"https:\/\/www.electric-church.at\/#website","url":"https:\/\/www.electric-church.at\/","name":"Electric Church","description":"Electric Church Klassik trifft auf Electro","publisher":{"@id":"https:\/\/www.electric-church.at\/#organization"},"potentialAction":[{"@type":"SearchAction","target":{"@type":"EntryPoint","urlTemplate":"https:\/\/www.electric-church.at\/?s={search_term_string}"},"query-input":{"@type":"PropertyValueSpecification","valueRequired":true,"valueName":"search_term_string"}}],"inLanguage":"en-US"},{"@type":"Organization","@id":"https:\/\/www.electric-church.at\/#organization","name":"Electric Church","url":"https:\/\/www.electric-church.at\/","logo":{"@type":"ImageObject","inLanguage":"en-US","@id":"https:\/\/www.electric-church.at\/#\/schema\/logo\/image\/","url":"https:\/\/www.electric-church.at\/wp-content\/uploads\/2021\/09\/electric-church-logo-scaled.jpg","contentUrl":"https:\/\/www.electric-church.at\/wp-content\/uploads\/2021\/09\/electric-church-logo-scaled.jpg","width":2560,"height":1810,"caption":"Electric Church"},"image":{"@id":"https:\/\/www.electric-church.at\/#\/schema\/logo\/image\/"},"sameAs":["https:\/\/www.facebook.com\/electricchurchaustria","https:\/\/www.instagram.com\/electric_church_austria\/","https:\/\/www.youtube.com\/user\/electricchurchaut"]}]}},"_links":{"self":[{"href":"https:\/\/www.electric-church.at\/en\/wp-json\/wp\/v2\/pages\/1757","targetHints":{"allow":["GET"]}}],"collection":[{"href":"https:\/\/www.electric-church.at\/en\/wp-json\/wp\/v2\/pages"}],"about":[{"href":"https:\/\/www.electric-church.at\/en\/wp-json\/wp\/v2\/types\/page"}],"author":[{"embeddable":true,"href":"https:\/\/www.electric-church.at\/en\/wp-json\/wp\/v2\/users\/1"}],"replies":[{"embeddable":true,"href":"https:\/\/www.electric-church.at\/en\/wp-json\/wp\/v2\/comments?post=1757"}],"version-history":[{"count":5,"href":"https:\/\/www.electric-church.at\/en\/wp-json\/wp\/v2\/pages\/1757\/revisions"}],"predecessor-version":[{"id":3336,"href":"https:\/\/www.electric-church.at\/en\/wp-json\/wp\/v2\/pages\/1757\/revisions\/3336"}],"wp:featuredmedia":[{"embeddable":true,"href":"https:\/\/www.electric-church.at\/en\/wp-json\/wp\/v2\/media\/2894"}],"wp:attachment":[{"href":"https:\/\/www.electric-church.at\/en\/wp-json\/wp\/v2\/media?parent=1757"}],"curies":[{"name":"wp","href":"https:\/\/api.w.org\/{rel}","templated":true}]}}