{"id":3652,"date":"2022-04-29T22:08:30","date_gmt":"2022-04-29T22:08:30","guid":{"rendered":"https:\/\/www.electric-church.at\/?page_id=3652"},"modified":"2022-11-01T18:22:53","modified_gmt":"2022-11-01T18:22:53","slug":"presse-informationen","status":"publish","type":"page","link":"https:\/\/www.electric-church.at\/en\/presse-informationen\/","title":{"rendered":"Presse Informationen"},"content":{"rendered":"<h3><strong>Wien, 29.4.2022: Electric Church als Auftakt zu 100 Jahre Missio<\/strong><\/h3>\n<h4>Charity-Konzert zugunsten der Direkthilfe f\u00fcr ukrainische Binnenfl\u00fcchtlinge und f\u00fcr den Bau des Sankt-Karl-Borrom\u00e4us-Krankenhaus in Mosambik<\/h4>\n<p>&nbsp;<\/p>\n<p>Mit au\u00dfergew\u00f6hnlichen\u00a0Aktionen und\u00a0ohne die eigenen Werte und Aufgaben zu vergessen,\u00a0m\u00f6chte\u00a0der Nationaldirektor der P\u00e4pstlichen Missionswerke in \u00d6sterreich Pater Karl Wallner anl\u00e4sslich des 100j\u00e4hrigen Bestehens von Missio\u00a0im Jubil\u00e4umsjahr auf seine Organisation aufmerksam machen.\u00a0Insgesamt 24 Veranstaltungen \u00f6sterreichweit stehen am Programm, darunter Benefizkonzerte, akademische Tagungen, Jubil\u00e4umsfeste, die Lange Nacht der Kirchen bis hin zur Seligsprechung der Gr\u00fcnderin Pauline Marie\u00a0Jaricot\u00a0und einer glanzvollen Jubil\u00e4umsgala unter dem Ehrenschutz des Bundespr\u00e4sidenten.<\/p>\n<p>&nbsp;<\/p>\n<p>Den un\u00fcberh\u00f6rbaren Auftakt bildete gestern Abend die\u00a0Electric Church\u00a0mit der Weltpremiere\u00a0des Programms\u00a0ON A HILL\u00a0in der Wiener Votivkirche. Das elektrosymphonische Konzert mit visuellen Effekten\u00a0vom Kreativteam rund um den\u00a0Star-DJ und international anerkannten Musikproduzenten Sergio Manoel Flores, thematisiert auf musikalische Weise und kunstvoll inszeniert die\u00a0relevantesten Passagen aus der Bibel.\u00a0Im Mittelpunkt standen Pers\u00f6nlichkeiten wie Mahatma Ghandi,\u00a0Martin Luther King jr.,\u00a0Mutter Teresa oder Franz von\u00a0Asissi, die\u00a0durch\u00a0die Aussagen der\u00a0Bergpredigt beeinflusst wurden.<\/p>\n<p>&nbsp;<\/p>\n<p>\u201eDie Komposition von Electric Church, visualisiert durch spannende Lichteffekte in einer der sch\u00f6nsten Kirche Wiens, bringt die Bergpredigt\u00a0ins\u00a0Herz der Menschen. Auch von Menschen, die vielleicht von Kirche und Glaube gar nichts wissen oder nichts mehr davon halten. Es\u00a0ist eine missionarische Verk\u00fcndigung im Stil des 21. Jahrhunderts, so wie Papst Franziskus es m\u00f6chte.\u201c\u00a0erkl\u00e4rt Pater Karl Wallner.<\/p>\n<p>&nbsp;<\/p>\n<p>800 G\u00e4ste, Wegbegleiter und Prominente staunten\u00a0\u00fcber die knapp 12m hohe B\u00fchne, die opulenten\u00a0Videoprojektionen\u00a0vom K\u00fcnstlerduo Gery\u00a0und Eva\u00a0Herlbauer, 4youreye ProjectionArt.\u00a0und feierten mit\u00a0Standing\u00a0Ovations\u00a0die K\u00fcnstler des Abends\u00a0wie\u00a0den\u00a0Stargeiger Yury\u00a0Revich,\u00a0den\u00a0schwedischen Stimmk\u00fcnstler Linus\u00a0Norda,\u00a0Singer-Songwriterin Loretta Who, Countertenor\u00a0Olivier Beno\u00eet\u00a0und\u00a0das vierk\u00f6pfige Streichensemble unter der Leitung von\u00a0Magdalena\u00a0Wieckowska\u00a0\u2013 alle\u00a0avantgardistisch\u00a0ausgestattet vom Modelabel eigensinnig wien.<\/p>\n<p>&nbsp;<\/p>\n<p>Unter den begeisterten G\u00e4sten Zoryana Kushpler, Gerda Rogers, Thomas Sch\u00e4fer-Elmayer, Jakob Seeb\u00f6ck, Fadi Merza, Kurt Mann, Sabine Apfolterer, Ferdinand Fischer, Beatrice Koermer, Hannah Neunteufl, Mat Schuh, Ronny Leber, Jenny Posch, Oliver Stamm, Roman Schindler, Clemens Trischler sowie der Hauptsponsor BLITZBLANK mit Mario Reichel.<\/p>\n<p>&nbsp;<\/p>\n<p>Die Vorstellung ON A HILL am 29. April 2022 findet ebenfalls vor ausverkauftem Haus statt. Spenden f\u00fcr die Ukraine-Hilfe und das Krankenhausprojekt in S\u00fcdostafrika werden gerne unter <a href=\"http:\/\/www.missio.at\/\">www.missio.at<\/a>\u00a0entgegengenommen, ganz im Sinne der Bergpredigt:\u00a0&#8222;Selig, die arm sind vor Gott; denn ihnen geh\u00f6rt das Himmelreich. \u00a0Selig die Trauernden; denn sie werden getr\u00f6stet werden. Selig die Sanftm\u00fctigen; denn sie werden das Land erben. Selig, die hungern und d\u00fcrsten nach der Gerechtigkeit; denn sie werden ges\u00e4ttigt werden.&#8220;<\/p>\n<p>Pressekontakt: Robert Otto unter: <a href=\"mailto:robert.otto@electric-church.at\" target=\"_blank\" rel=\"noopener\">robert.otto@electric-church.at<\/a>, Tel: +436763456794<\/p>\n<p>&nbsp;<\/p>","protected":false},"excerpt":{"rendered":"<p>Wien, 29.4.2022: Electric Church als Auftakt zu 100 Jahre Missio Charity-Konzert zugunsten der Direkthilfe f\u00fcr ukrainische Binnenfl\u00fcchtlinge und f\u00fcr den Bau des Sankt-Karl-Borrom\u00e4us-Krankenhaus in Mosambik &nbsp; Mit au\u00dfergew\u00f6hnlichen\u00a0Aktionen und\u00a0ohne die eigenen Werte und Aufgaben zu vergessen,\u00a0m\u00f6chte\u00a0der Nationaldirektor der P\u00e4pstlichen Missionswerke in \u00d6sterreich Pater Karl Wallner anl\u00e4sslich des 100j\u00e4hrigen Bestehens von [&hellip;]<\/p>\n","protected":false},"author":1,"featured_media":0,"parent":0,"menu_order":0,"comment_status":"closed","ping_status":"closed","template":"","meta":{"footnotes":""},"class_list":["post-3652","page","type-page","status-publish","hentry"],"yoast_head":"<!-- This site is optimized with the Yoast SEO plugin v27.4 - https:\/\/yoast.com\/product\/yoast-seo-wordpress\/ -->\n<title>Presse Informationen &#187; Electric Church<\/title>\n<meta name=\"description\" content=\"Electric Church ist ein audiovisuelles Konzert, in dem musikalische Welten von elektronischen Beats, Klassik und Pop miteinander verschmelzen.\" \/>\n<meta name=\"robots\" content=\"index, follow, max-snippet:-1, max-image-preview:large, max-video-preview:-1\" \/>\n<link rel=\"canonical\" href=\"https:\/\/www.electric-church.at\/en\/presse-informationen\/\" \/>\n<meta property=\"og:locale\" content=\"en_US\" \/>\n<meta property=\"og:type\" content=\"article\" \/>\n<meta property=\"og:title\" content=\"Presse Informationen &#187; Electric Church\" \/>\n<meta property=\"og:description\" content=\"Electric Church ist ein audiovisuelles Konzert, in dem musikalische Welten von elektronischen Beats, Klassik und Pop miteinander verschmelzen.\" \/>\n<meta property=\"og:url\" content=\"https:\/\/www.electric-church.at\/en\/presse-informationen\/\" \/>\n<meta property=\"og:site_name\" content=\"Electric Church\" \/>\n<meta property=\"article:publisher\" content=\"https:\/\/www.facebook.com\/electricchurchaustria\" \/>\n<meta property=\"article:modified_time\" content=\"2022-11-01T18:22:53+00:00\" \/>\n<meta name=\"twitter:card\" content=\"summary_large_image\" \/>\n<meta name=\"twitter:label1\" content=\"Est. reading time\" \/>\n\t<meta name=\"twitter:data1\" content=\"3 minutes\" \/>\n<script type=\"application\/ld+json\" class=\"yoast-schema-graph\">{\"@context\":\"https:\\\/\\\/schema.org\",\"@graph\":[{\"@type\":\"WebPage\",\"@id\":\"https:\\\/\\\/www.electric-church.at\\\/presse-informationen\\\/\",\"url\":\"https:\\\/\\\/www.electric-church.at\\\/presse-informationen\\\/\",\"name\":\"Presse Informationen &#187; Electric Church\",\"isPartOf\":{\"@id\":\"https:\\\/\\\/www.electric-church.at\\\/#website\"},\"datePublished\":\"2022-04-29T22:08:30+00:00\",\"dateModified\":\"2022-11-01T18:22:53+00:00\",\"description\":\"Electric Church ist ein audiovisuelles Konzert, in dem musikalische Welten von elektronischen Beats, Klassik und Pop miteinander verschmelzen.\",\"breadcrumb\":{\"@id\":\"https:\\\/\\\/www.electric-church.at\\\/presse-informationen\\\/#breadcrumb\"},\"inLanguage\":\"en-US\",\"potentialAction\":[{\"@type\":\"ReadAction\",\"target\":[\"https:\\\/\\\/www.electric-church.at\\\/presse-informationen\\\/\"]}]},{\"@type\":\"BreadcrumbList\",\"@id\":\"https:\\\/\\\/www.electric-church.at\\\/presse-informationen\\\/#breadcrumb\",\"itemListElement\":[{\"@type\":\"ListItem\",\"position\":1,\"name\":\"Startseite\",\"item\":\"https:\\\/\\\/www.electric-church.at\\\/\"},{\"@type\":\"ListItem\",\"position\":2,\"name\":\"Presse Informationen\"}]},{\"@type\":\"WebSite\",\"@id\":\"https:\\\/\\\/www.electric-church.at\\\/#website\",\"url\":\"https:\\\/\\\/www.electric-church.at\\\/\",\"name\":\"Electric Church\",\"description\":\"Electric Church Klassik trifft auf Electro\",\"publisher\":{\"@id\":\"https:\\\/\\\/www.electric-church.at\\\/#organization\"},\"potentialAction\":[{\"@type\":\"SearchAction\",\"target\":{\"@type\":\"EntryPoint\",\"urlTemplate\":\"https:\\\/\\\/www.electric-church.at\\\/?s={search_term_string}\"},\"query-input\":{\"@type\":\"PropertyValueSpecification\",\"valueRequired\":true,\"valueName\":\"search_term_string\"}}],\"inLanguage\":\"en-US\"},{\"@type\":\"Organization\",\"@id\":\"https:\\\/\\\/www.electric-church.at\\\/#organization\",\"name\":\"Electric Church\",\"url\":\"https:\\\/\\\/www.electric-church.at\\\/\",\"logo\":{\"@type\":\"ImageObject\",\"inLanguage\":\"en-US\",\"@id\":\"https:\\\/\\\/www.electric-church.at\\\/#\\\/schema\\\/logo\\\/image\\\/\",\"url\":\"https:\\\/\\\/www.electric-church.at\\\/wp-content\\\/uploads\\\/2021\\\/09\\\/electric-church-logo-scaled.jpg\",\"contentUrl\":\"https:\\\/\\\/www.electric-church.at\\\/wp-content\\\/uploads\\\/2021\\\/09\\\/electric-church-logo-scaled.jpg\",\"width\":2560,\"height\":1810,\"caption\":\"Electric Church\"},\"image\":{\"@id\":\"https:\\\/\\\/www.electric-church.at\\\/#\\\/schema\\\/logo\\\/image\\\/\"},\"sameAs\":[\"https:\\\/\\\/www.facebook.com\\\/electricchurchaustria\",\"https:\\\/\\\/www.instagram.com\\\/electric_church_austria\\\/\",\"https:\\\/\\\/www.youtube.com\\\/user\\\/electricchurchaut\"]}]}<\/script>\n<!-- \/ Yoast SEO plugin. -->","yoast_head_json":{"title":"Presse Informationen &#187; Electric Church","description":"Electric Church ist ein audiovisuelles Konzert, in dem musikalische Welten von elektronischen Beats, Klassik und Pop miteinander verschmelzen.","robots":{"index":"index","follow":"follow","max-snippet":"max-snippet:-1","max-image-preview":"max-image-preview:large","max-video-preview":"max-video-preview:-1"},"canonical":"https:\/\/www.electric-church.at\/en\/presse-informationen\/","og_locale":"en_US","og_type":"article","og_title":"Presse Informationen &#187; Electric Church","og_description":"Electric Church ist ein audiovisuelles Konzert, in dem musikalische Welten von elektronischen Beats, Klassik und Pop miteinander verschmelzen.","og_url":"https:\/\/www.electric-church.at\/en\/presse-informationen\/","og_site_name":"Electric Church","article_publisher":"https:\/\/www.facebook.com\/electricchurchaustria","article_modified_time":"2022-11-01T18:22:53+00:00","twitter_card":"summary_large_image","twitter_misc":{"Est. reading time":"3 minutes"},"schema":{"@context":"https:\/\/schema.org","@graph":[{"@type":"WebPage","@id":"https:\/\/www.electric-church.at\/presse-informationen\/","url":"https:\/\/www.electric-church.at\/presse-informationen\/","name":"Presse Informationen &#187; Electric Church","isPartOf":{"@id":"https:\/\/www.electric-church.at\/#website"},"datePublished":"2022-04-29T22:08:30+00:00","dateModified":"2022-11-01T18:22:53+00:00","description":"Electric Church ist ein audiovisuelles Konzert, in dem musikalische Welten von elektronischen Beats, Klassik und Pop miteinander verschmelzen.","breadcrumb":{"@id":"https:\/\/www.electric-church.at\/presse-informationen\/#breadcrumb"},"inLanguage":"en-US","potentialAction":[{"@type":"ReadAction","target":["https:\/\/www.electric-church.at\/presse-informationen\/"]}]},{"@type":"BreadcrumbList","@id":"https:\/\/www.electric-church.at\/presse-informationen\/#breadcrumb","itemListElement":[{"@type":"ListItem","position":1,"name":"Startseite","item":"https:\/\/www.electric-church.at\/"},{"@type":"ListItem","position":2,"name":"Presse Informationen"}]},{"@type":"WebSite","@id":"https:\/\/www.electric-church.at\/#website","url":"https:\/\/www.electric-church.at\/","name":"Electric Church","description":"Electric Church Klassik trifft auf Electro","publisher":{"@id":"https:\/\/www.electric-church.at\/#organization"},"potentialAction":[{"@type":"SearchAction","target":{"@type":"EntryPoint","urlTemplate":"https:\/\/www.electric-church.at\/?s={search_term_string}"},"query-input":{"@type":"PropertyValueSpecification","valueRequired":true,"valueName":"search_term_string"}}],"inLanguage":"en-US"},{"@type":"Organization","@id":"https:\/\/www.electric-church.at\/#organization","name":"Electric Church","url":"https:\/\/www.electric-church.at\/","logo":{"@type":"ImageObject","inLanguage":"en-US","@id":"https:\/\/www.electric-church.at\/#\/schema\/logo\/image\/","url":"https:\/\/www.electric-church.at\/wp-content\/uploads\/2021\/09\/electric-church-logo-scaled.jpg","contentUrl":"https:\/\/www.electric-church.at\/wp-content\/uploads\/2021\/09\/electric-church-logo-scaled.jpg","width":2560,"height":1810,"caption":"Electric Church"},"image":{"@id":"https:\/\/www.electric-church.at\/#\/schema\/logo\/image\/"},"sameAs":["https:\/\/www.facebook.com\/electricchurchaustria","https:\/\/www.instagram.com\/electric_church_austria\/","https:\/\/www.youtube.com\/user\/electricchurchaut"]}]}},"_links":{"self":[{"href":"https:\/\/www.electric-church.at\/en\/wp-json\/wp\/v2\/pages\/3652","targetHints":{"allow":["GET"]}}],"collection":[{"href":"https:\/\/www.electric-church.at\/en\/wp-json\/wp\/v2\/pages"}],"about":[{"href":"https:\/\/www.electric-church.at\/en\/wp-json\/wp\/v2\/types\/page"}],"author":[{"embeddable":true,"href":"https:\/\/www.electric-church.at\/en\/wp-json\/wp\/v2\/users\/1"}],"replies":[{"embeddable":true,"href":"https:\/\/www.electric-church.at\/en\/wp-json\/wp\/v2\/comments?post=3652"}],"version-history":[{"count":11,"href":"https:\/\/www.electric-church.at\/en\/wp-json\/wp\/v2\/pages\/3652\/revisions"}],"predecessor-version":[{"id":3788,"href":"https:\/\/www.electric-church.at\/en\/wp-json\/wp\/v2\/pages\/3652\/revisions\/3788"}],"wp:attachment":[{"href":"https:\/\/www.electric-church.at\/en\/wp-json\/wp\/v2\/media?parent=3652"}],"curies":[{"name":"wp","href":"https:\/\/api.w.org\/{rel}","templated":true}]}}